{"id":1163,"date":"2021-01-18T12:25:21","date_gmt":"2021-01-18T11:25:21","guid":{"rendered":"http:\/\/akustyczna.thelion.pl\/?page_id=1163"},"modified":"2025-08-12T15:03:52","modified_gmt":"2025-08-12T13:03:52","slug":"contact","status":"publish","type":"page","link":"https:\/\/akustyczna.pl\/en\/contact\/","title":{"rendered":"Contact"},"content":{"rendered":"<h2>Questions?<br \/>\nContact us<\/h2>\n<p><strong>Pracownia Akustyczna Koz\u0142owski sp. j.<\/strong><br \/>\nul. Du\u0144ska 9<br \/>\n54-427 Wroc\u0142aw<\/p>\n<p>NIP: 8992613393<br \/>\nREGON: 020574694<br \/>\nKRS: 0000286159<\/p>\n<p>+48 694 450 467<br \/>\n<img loading=\"lazy\" decoding=\"async\" class=\"alignnone wp-image-227 size-full\" src=\"https:\/\/akustyczna.pl\/wp-content\/uploads\/2020\/10\/mail.svg\" alt=\"adres\" width=\"182\" height=\"14\" \/><img decoding=\"async\" class=\"alignnone size-full wp-image-227\" src=\"http:\/\/akustyczna.thelion.pl\/wp-content\/uploads\/2020\/10\/mail.svg\" alt=\"\" width=\"230\" \/><\/p>\n","protected":false},"excerpt":{"rendered":"<p>Questions? Contact us Pracownia Akustyczna Koz\u0142owski sp. j. ul. Du\u0144ska 9 54-427 Wroc\u0142aw NIP: 8992613393 REGON: 020574694 KRS: 0000286159 +48 694 450 467<\/p>\n","protected":false},"author":2,"featured_media":0,"parent":0,"menu_order":0,"comment_status":"closed","ping_status":"closed","template":"page-contact.php","meta":{"_acf_changed":false,"inline_featured_image":false,"footnotes":""},"class_list":["post-1163","page","type-page","status-publish","hentry"],"acf":[],"yoast_head":"<!-- This site is optimized with the Yoast SEO plugin v26.1.1 - https:\/\/yoast.com\/wordpress\/plugins\/seo\/ -->\n<title>Contact - Pracownia Akustyczna Koz\u0142owski<\/title>\n<meta name=\"robots\" content=\"index, follow, max-snippet:-1, max-image-preview:large, max-video-preview:-1\" \/>\n<link rel=\"canonical\" href=\"https:\/\/akustyczna.pl\/en\/contact\/\" \/>\n<meta property=\"og:locale\" content=\"en_US\" \/>\n<meta property=\"og:type\" content=\"article\" \/>\n<meta property=\"og:title\" content=\"Contact - Pracownia Akustyczna Koz\u0142owski\" \/>\n<meta property=\"og:description\" content=\"Questions? Contact us Pracownia Akustyczna Koz\u0142owski sp. j. ul. Du\u0144ska 9 54-427 Wroc\u0142aw NIP: 8992613393 REGON: 020574694 KRS: 0000286159 +48 694 450 467\" \/>\n<meta property=\"og:url\" content=\"https:\/\/akustyczna.pl\/en\/contact\/\" \/>\n<meta property=\"og:site_name\" content=\"Pracownia Akustyczna Koz\u0142owski\" \/>\n<meta property=\"article:publisher\" content=\"https:\/\/www.facebook.com\/PracowniaAkustyczna\" \/>\n<meta property=\"article:modified_time\" content=\"2025-08-12T13:03:52+00:00\" \/>\n<meta property=\"og:image\" content=\"https:\/\/akustyczna.pl\/wp-content\/uploads\/2020\/10\/mail.svg\" \/>\n<meta name=\"twitter:card\" content=\"summary_large_image\" \/>\n<meta name=\"twitter:label1\" content=\"Est. reading time\" \/>\n\t<meta name=\"twitter:data1\" content=\"1 minute\" \/>\n<script type=\"application\/ld+json\" class=\"yoast-schema-graph\">{\"@context\":\"https:\/\/schema.org\",\"@graph\":[{\"@type\":\"WebPage\",\"@id\":\"https:\/\/akustyczna.pl\/en\/contact\/\",\"url\":\"https:\/\/akustyczna.pl\/en\/contact\/\",\"name\":\"Contact - Pracownia Akustyczna Koz\u0142owski\",\"isPartOf\":{\"@id\":\"https:\/\/akustyczna.pl\/en\/#website\"},\"primaryImageOfPage\":{\"@id\":\"https:\/\/akustyczna.pl\/en\/contact\/#primaryimage\"},\"image\":{\"@id\":\"https:\/\/akustyczna.pl\/en\/contact\/#primaryimage\"},\"thumbnailUrl\":\"https:\/\/akustyczna.pl\/wp-content\/uploads\/2020\/10\/mail.svg\",\"datePublished\":\"2021-01-18T11:25:21+00:00\",\"dateModified\":\"2025-08-12T13:03:52+00:00\",\"breadcrumb\":{\"@id\":\"https:\/\/akustyczna.pl\/en\/contact\/#breadcrumb\"},\"inLanguage\":\"en-US\",\"potentialAction\":[{\"@type\":\"ReadAction\",\"target\":[\"https:\/\/akustyczna.pl\/en\/contact\/\"]}]},{\"@type\":\"ImageObject\",\"inLanguage\":\"en-US\",\"@id\":\"https:\/\/akustyczna.pl\/en\/contact\/#primaryimage\",\"url\":\"https:\/\/akustyczna.pl\/wp-content\/uploads\/2020\/10\/mail.svg\",\"contentUrl\":\"https:\/\/akustyczna.pl\/wp-content\/uploads\/2020\/10\/mail.svg\"},{\"@type\":\"BreadcrumbList\",\"@id\":\"https:\/\/akustyczna.pl\/en\/contact\/#breadcrumb\",\"itemListElement\":[{\"@type\":\"ListItem\",\"position\":1,\"name\":\"Strona g\u0142\u00f3wna\",\"item\":\"https:\/\/akustyczna.pl\/en\/\"},{\"@type\":\"ListItem\",\"position\":2,\"name\":\"Contact\"}]},{\"@type\":\"WebSite\",\"@id\":\"https:\/\/akustyczna.pl\/en\/#website\",\"url\":\"https:\/\/akustyczna.pl\/en\/\",\"name\":\"Pracownia Akustyczna Koz\u0142owski\",\"description\":\"Pracownia Akustyczna Kozlowski - designs of interior acoustics, electroacoustics, acoustic measurements\",\"publisher\":{\"@id\":\"https:\/\/akustyczna.pl\/en\/#organization\"},\"potentialAction\":[{\"@type\":\"SearchAction\",\"target\":{\"@type\":\"EntryPoint\",\"urlTemplate\":\"https:\/\/akustyczna.pl\/en\/?s={search_term_string}\"},\"query-input\":{\"@type\":\"PropertyValueSpecification\",\"valueRequired\":true,\"valueName\":\"search_term_string\"}}],\"inLanguage\":\"en-US\"},{\"@type\":\"Organization\",\"@id\":\"https:\/\/akustyczna.pl\/en\/#organization\",\"name\":\"Pracownia Akustyczna Koz\u0142owski\",\"url\":\"https:\/\/akustyczna.pl\/en\/\",\"logo\":{\"@type\":\"ImageObject\",\"inLanguage\":\"en-US\",\"@id\":\"https:\/\/akustyczna.pl\/en\/#\/schema\/logo\/image\/\",\"url\":\"https:\/\/akustyczna.pl\/wp-content\/uploads\/2020\/09\/logo.svg\",\"contentUrl\":\"https:\/\/akustyczna.pl\/wp-content\/uploads\/2020\/09\/logo.svg\",\"width\":358,\"height\":196,\"caption\":\"Pracownia Akustyczna Koz\u0142owski\"},\"image\":{\"@id\":\"https:\/\/akustyczna.pl\/en\/#\/schema\/logo\/image\/\"},\"sameAs\":[\"https:\/\/www.facebook.com\/PracowniaAkustyczna\",\"https:\/\/pl.wikipedia.org\/wiki\/Pracownia_Akustyczna_Koz\u0142owski\"]}]}<\/script>\n<!-- \/ Yoast SEO plugin. -->","yoast_head_json":{"title":"Contact - Pracownia Akustyczna Koz\u0142owski","robots":{"index":"index","follow":"follow","max-snippet":"max-snippet:-1","max-image-preview":"max-image-preview:large","max-video-preview":"max-video-preview:-1"},"canonical":"https:\/\/akustyczna.pl\/en\/contact\/","og_locale":"en_US","og_type":"article","og_title":"Contact - Pracownia Akustyczna Koz\u0142owski","og_description":"Questions? Contact us Pracownia Akustyczna Koz\u0142owski sp. j. ul. Du\u0144ska 9 54-427 Wroc\u0142aw NIP: 8992613393 REGON: 020574694 KRS: 0000286159 +48 694 450 467","og_url":"https:\/\/akustyczna.pl\/en\/contact\/","og_site_name":"Pracownia Akustyczna Koz\u0142owski","article_publisher":"https:\/\/www.facebook.com\/PracowniaAkustyczna","article_modified_time":"2025-08-12T13:03:52+00:00","og_image":[{"url":"https:\/\/akustyczna.pl\/wp-content\/uploads\/2020\/10\/mail.svg","type":"","width":"","height":""}],"twitter_card":"summary_large_image","twitter_misc":{"Est. reading time":"1 minute"},"schema":{"@context":"https:\/\/schema.org","@graph":[{"@type":"WebPage","@id":"https:\/\/akustyczna.pl\/en\/contact\/","url":"https:\/\/akustyczna.pl\/en\/contact\/","name":"Contact - Pracownia Akustyczna Koz\u0142owski","isPartOf":{"@id":"https:\/\/akustyczna.pl\/en\/#website"},"primaryImageOfPage":{"@id":"https:\/\/akustyczna.pl\/en\/contact\/#primaryimage"},"image":{"@id":"https:\/\/akustyczna.pl\/en\/contact\/#primaryimage"},"thumbnailUrl":"https:\/\/akustyczna.pl\/wp-content\/uploads\/2020\/10\/mail.svg","datePublished":"2021-01-18T11:25:21+00:00","dateModified":"2025-08-12T13:03:52+00:00","breadcrumb":{"@id":"https:\/\/akustyczna.pl\/en\/contact\/#breadcrumb"},"inLanguage":"en-US","potentialAction":[{"@type":"ReadAction","target":["https:\/\/akustyczna.pl\/en\/contact\/"]}]},{"@type":"ImageObject","inLanguage":"en-US","@id":"https:\/\/akustyczna.pl\/en\/contact\/#primaryimage","url":"https:\/\/akustyczna.pl\/wp-content\/uploads\/2020\/10\/mail.svg","contentUrl":"https:\/\/akustyczna.pl\/wp-content\/uploads\/2020\/10\/mail.svg"},{"@type":"BreadcrumbList","@id":"https:\/\/akustyczna.pl\/en\/contact\/#breadcrumb","itemListElement":[{"@type":"ListItem","position":1,"name":"Strona g\u0142\u00f3wna","item":"https:\/\/akustyczna.pl\/en\/"},{"@type":"ListItem","position":2,"name":"Contact"}]},{"@type":"WebSite","@id":"https:\/\/akustyczna.pl\/en\/#website","url":"https:\/\/akustyczna.pl\/en\/","name":"Pracownia Akustyczna Koz\u0142owski","description":"Pracownia Akustyczna Kozlowski - designs of interior acoustics, electroacoustics, acoustic measurements","publisher":{"@id":"https:\/\/akustyczna.pl\/en\/#organization"},"potentialAction":[{"@type":"SearchAction","target":{"@type":"EntryPoint","urlTemplate":"https:\/\/akustyczna.pl\/en\/?s={search_term_string}"},"query-input":{"@type":"PropertyValueSpecification","valueRequired":true,"valueName":"search_term_string"}}],"inLanguage":"en-US"},{"@type":"Organization","@id":"https:\/\/akustyczna.pl\/en\/#organization","name":"Pracownia Akustyczna Koz\u0142owski","url":"https:\/\/akustyczna.pl\/en\/","logo":{"@type":"ImageObject","inLanguage":"en-US","@id":"https:\/\/akustyczna.pl\/en\/#\/schema\/logo\/image\/","url":"https:\/\/akustyczna.pl\/wp-content\/uploads\/2020\/09\/logo.svg","contentUrl":"https:\/\/akustyczna.pl\/wp-content\/uploads\/2020\/09\/logo.svg","width":358,"height":196,"caption":"Pracownia Akustyczna Koz\u0142owski"},"image":{"@id":"https:\/\/akustyczna.pl\/en\/#\/schema\/logo\/image\/"},"sameAs":["https:\/\/www.facebook.com\/PracowniaAkustyczna","https:\/\/pl.wikipedia.org\/wiki\/Pracownia_Akustyczna_Koz\u0142owski"]}]}},"_links":{"self":[{"href":"https:\/\/akustyczna.pl\/en\/wp-json\/wp\/v2\/pages\/1163","targetHints":{"allow":["GET"]}}],"collection":[{"href":"https:\/\/akustyczna.pl\/en\/wp-json\/wp\/v2\/pages"}],"about":[{"href":"https:\/\/akustyczna.pl\/en\/wp-json\/wp\/v2\/types\/page"}],"author":[{"embeddable":true,"href":"https:\/\/akustyczna.pl\/en\/wp-json\/wp\/v2\/users\/2"}],"replies":[{"embeddable":true,"href":"https:\/\/akustyczna.pl\/en\/wp-json\/wp\/v2\/comments?post=1163"}],"version-history":[{"count":8,"href":"https:\/\/akustyczna.pl\/en\/wp-json\/wp\/v2\/pages\/1163\/revisions"}],"predecessor-version":[{"id":1785,"href":"https:\/\/akustyczna.pl\/en\/wp-json\/wp\/v2\/pages\/1163\/revisions\/1785"}],"wp:attachment":[{"href":"https:\/\/akustyczna.pl\/en\/wp-json\/wp\/v2\/media?parent=1163"}],"curies":[{"name":"wp","href":"https:\/\/api.w.org\/{rel}","templated":true}]}}